{"id":137,"date":"2025-07-23T22:28:18","date_gmt":"2025-07-23T22:28:18","guid":{"rendered":"https:\/\/soesr.com\/?page_id=137"},"modified":"2026-03-23T16:22:39","modified_gmt":"2026-03-23T22:22:39","slug":"inicio","status":"publish","type":"page","link":"https:\/\/soesr.com\/en\/","title":{"rendered":"Inicio"},"content":{"rendered":"<p>[et_pb_section fb_built=&#8221;1&#8243; inner_shadow=&#8221;on&#8221; custom_padding_last_edited=&#8221;on|desktop&#8221; admin_label=&#8221;Header&#8221; _builder_version=&#8221;4.27.4&#8243; _module_preset=&#8221;default&#8221; background_color=&#8221;gcid-f53bea2f-11b6-47b2-a970-343c85385294&#8243; use_background_color_gradient=&#8221;on&#8221; background_color_gradient_stops=&#8221;rgba(0,0,0,0) 12%|gcid-f53bea2f-11b6-47b2-a970-343c85385294 100%&#8221; background_color_gradient_overlays_image=&#8221;on&#8221; background_enable_image=&#8221;off&#8221; custom_margin=&#8221;0px|0px|0px|0px|false|false&#8221; custom_padding=&#8221;0px|0px|0px|0px|false|false&#8221; custom_padding_tablet=&#8221;30px||0px||false|false&#8221; custom_padding_phone=&#8221;30px||0px||false|false&#8221; collapsed=&#8221;on&#8221; global_colors_info=&#8221;{%22gcid-f53bea2f-11b6-47b2-a970-343c85385294%22:%91%22background_color_gradient_stops%22,%22background_color%22%93}&#8221;][et_pb_row use_custom_gutter=&#8221;on&#8221; gutter_width=&#8221;1&#8243; make_equal=&#8221;on&#8221; _builder_version=&#8221;4.27.4&#8243; _module_preset=&#8221;default&#8221; transform_scale=&#8221;95%|95%&#8221; width=&#8221;100%&#8221; max_width=&#8221;100%&#8221; height=&#8221;100%&#8221; custom_margin=&#8221;0px||0px|0px|false|false&#8221; custom_padding=&#8221;0px|0px|0px|0px|false|false&#8221; animation_style=&#8221;fade&#8221; animation_duration=&#8221;1350ms&#8221; scroll_scaling_enable=&#8221;on&#8221; scroll_scaling=&#8221;0|50|50|100|100%|100|92%&#8221; motion_trigger_start=&#8221;bottom&#8221; border_radii=&#8221;on|25px|25px|25px|25px&#8221; global_colors_info=&#8221;{}&#8221;][et_pb_column type=&#8221;4_4&#8243; _builder_version=&#8221;4.27.4&#8243; _module_preset=&#8221;default&#8221; global_colors_info=&#8221;{}&#8221;][et_pb_image src=&#8221;https:\/\/soesr.com\/wp-content\/uploads\/2025\/08\/ok-082A1733-scaled.jpg&#8221; title_text=&#8221;ok 082A1733&#8243; force_fullwidth=&#8221;on&#8221; _builder_version=&#8221;4.27.4&#8243; _module_preset=&#8221;default&#8221; custom_margin=&#8221;0px|0px|0px|0px|false|false&#8221; custom_padding=&#8221;0px|0px|0px|0px|false|false&#8221; global_colors_info=&#8221;{}&#8221;][\/et_pb_image][\/et_pb_column][\/et_pb_row][et_pb_row column_structure=&#8221;1_3,1_3,1_3&#8243; _builder_version=&#8221;4.27.4&#8243; _module_preset=&#8221;default&#8221; global_colors_info=&#8221;{}&#8221;][et_pb_column type=&#8221;1_3&#8243; _builder_version=&#8221;4.27.4&#8243; _module_preset=&#8221;default&#8221; global_colors_info=&#8221;{}&#8221;][et_pb_blurb title=&#8221;Reservaci\u00f3n&#8221; url=&#8221;https:\/\/soesr.com\/experiencia&#8221; image=&#8221;https:\/\/soesr.com\/wp-content\/uploads\/2025\/08\/plato.jpg&#8221; image_icon_width=&#8221;70%&#8221; _builder_version=&#8221;4.27.4&#8243; _module_preset=&#8221;default&#8221; header_level=&#8221;h1&#8243; header_font=&#8221;|300|||||||&#8221; body_text_color=&#8221;gcid-82d6c09a-d813-40a8-95b4-5069eeb5bf47&#8243; text_orientation=&#8221;center&#8221; background_layout=&#8221;dark&#8221; border_radii_image=&#8221;on|25px|25px|25px|25px&#8221; global_colors_info=&#8221;{%22gcid-82d6c09a-d813-40a8-95b4-5069eeb5bf47%22:%91%22body_text_color%22%93}&#8221;]<\/p>\n<p>Reserva tu espacio de men\u00fa a la carta<\/p>\n<p>[\/et_pb_blurb][\/et_pb_column][et_pb_column type=&#8221;1_3&#8243; _builder_version=&#8221;4.27.4&#8243; _module_preset=&#8221;default&#8221; global_colors_info=&#8221;{}&#8221;][et_pb_blurb title=&#8221;Degustaci\u00f3n&#8221; url=&#8221;https:\/\/soesr.com\/experiencia&#8221; image=&#8221;https:\/\/soesr.com\/wp-content\/uploads\/2025\/08\/ok-082A4321-scaled.jpg&#8221; image_icon_width=&#8221;70%&#8221; _builder_version=&#8221;4.27.4&#8243; _module_preset=&#8221;default&#8221; header_level=&#8221;h1&#8243; header_font=&#8221;|300|||||||&#8221; body_text_color=&#8221;gcid-82d6c09a-d813-40a8-95b4-5069eeb5bf47&#8243; text_orientation=&#8221;center&#8221; background_layout=&#8221;dark&#8221; border_radii_image=&#8221;on|25px|25px|25px|25px&#8221; global_colors_info=&#8221;{%22gcid-82d6c09a-d813-40a8-95b4-5069eeb5bf47%22:%91%22body_text_color%22%93}&#8221;]<\/p>\n<p>Reservar Experiencia degustaci\u00f3n 9 tiempos<\/p>\n<p>[\/et_pb_blurb][\/et_pb_column][et_pb_column type=&#8221;1_3&#8243; _builder_version=&#8221;4.27.4&#8243; _module_preset=&#8221;default&#8221; global_colors_info=&#8221;{}&#8221;][et_pb_blurb title=&#8221;Experiencia&#8221; url=&#8221;https:\/\/soesr.com\/experiencia&#8221; image=&#8221;https:\/\/soesr.com\/wp-content\/uploads\/2025\/08\/ok-082A4321-scaled.jpg&#8221; image_icon_width=&#8221;70%&#8221; _builder_version=&#8221;4.27.4&#8243; _module_preset=&#8221;default&#8221; header_level=&#8221;h1&#8243; header_font=&#8221;|300|||||||&#8221; body_text_color=&#8221;gcid-82d6c09a-d813-40a8-95b4-5069eeb5bf47&#8243; text_orientation=&#8221;center&#8221; background_layout=&#8221;dark&#8221; border_radii_image=&#8221;on|25px|25px|25px|25px&#8221; global_colors_info=&#8221;{%22gcid-82d6c09a-d813-40a8-95b4-5069eeb5bf47%22:%91%22body_text_color%22%93}&#8221;]<\/p>\n<p>Vive la experiencia por AirB&#038;B<\/p>\n<p>[\/et_pb_blurb][\/et_pb_column][\/et_pb_row][\/et_pb_section][et_pb_section fb_built=&#8221;1&#8243; custom_padding_last_edited=&#8221;off|tablet&#8221; admin_label=&#8221;Feature&#8221; _builder_version=&#8221;4.27.4&#8243; _module_preset=&#8221;default&#8221; background_color=&#8221;#000000&#8243; use_background_color_gradient=&#8221;on&#8221; background_color_gradient_type=&#8221;elliptical&#8221; background_color_gradient_direction_radial=&#8221;left&#8221; background_color_gradient_stops=&#8221;rgba(0,0,0,0.6) 0%|#000000 84%&#8221; background_color_gradient_overlays_image=&#8221;on&#8221; background_image=&#8221;https:\/\/soesr.com\/wp-content\/uploads\/2024\/09\/cropped-gettyimages-1366067256-2048&#215;2048-1.gif&#8221; custom_padding=&#8221;||7%||false|false&#8221; custom_padding_tablet=&#8221;||7%||false|false&#8221; collapsed=&#8221;on&#8221; global_colors_info=&#8221;{}&#8221;][et_pb_row _builder_version=&#8221;4.27.4&#8243; _module_preset=&#8221;default&#8221; custom_padding=&#8221;88px||88px||true|&#8221; global_colors_info=&#8221;{}&#8221;][et_pb_column type=&#8221;4_4&#8243; _builder_version=&#8221;4.18.0&#8243; _module_preset=&#8221;default&#8221; global_colors_info=&#8221;{}&#8221;][et_pb_text _builder_version=&#8221;4.27.4&#8243; _module_preset=&#8221;b327cbe4-b1d5-4b66-ad37-40c8f2f061ba&#8221; text_font=&#8221;&#8211;et_global_heading_font|100|||||||&#8221; text_text_color=&#8221;gcid-82d6c09a-d813-40a8-95b4-5069eeb5bf47&#8243; text_font_size=&#8221;69px&#8221; text_line_height=&#8221;1.8em&#8221; header_2_font=&#8221;Italiana||||||||&#8221; header_2_text_color=&#8221;#E7E2BC&#8221; header_2_font_size=&#8221;70px&#8221; header_2_line_height=&#8221;1.2em&#8221; text_orientation=&#8221;center&#8221; text_font_size_tablet=&#8221;52px&#8221; text_font_size_phone=&#8221;41px&#8221; text_font_size_last_edited=&#8221;on|phone&#8221; header_2_font_size_tablet=&#8221;32px&#8221; header_2_font_size_phone=&#8221;24px&#8221; header_2_font_size_last_edited=&#8221;on|tablet&#8221; locked=&#8221;off&#8221; global_colors_info=&#8221;{%22gcid-82d6c09a-d813-40a8-95b4-5069eeb5bf47%22:%91%22text_text_color%22%93}&#8221;]<\/p>\n<p>CONCEPTO<\/p>\n<p>[\/et_pb_text][\/et_pb_column][\/et_pb_row][et_pb_row column_structure=&#8221;3_5,2_5&#8243; use_custom_gutter=&#8221;on&#8221; gutter_width=&#8221;1&#8243; make_equal=&#8221;on&#8221; _builder_version=&#8221;4.27.4&#8243; _module_preset=&#8221;default&#8221; width=&#8221;100%&#8221; custom_margin=&#8221;0px|-9px|0px|45px|false|false&#8221; custom_padding=&#8221;0px|0px|0px|0px|false|false&#8221; global_colors_info=&#8221;{}&#8221;][et_pb_column type=&#8221;3_5&#8243; _builder_version=&#8221;4.18.0&#8243; _module_preset=&#8221;default&#8221; global_colors_info=&#8221;{}&#8221;][et_pb_text _builder_version=&#8221;4.27.4&#8243; _module_preset=&#8221;518880c8-46c7-4ffa-b5a6-93ffa99dcc17&#8243; text_font=&#8221;&#8211;et_global_body_font|300|||||||&#8221; text_text_color=&#8221;#E7E2BC&#8221; text_font_size=&#8221;22px&#8221; text_letter_spacing=&#8221;1px&#8221; text_line_height=&#8221;1.8em&#8221; text_orientation=&#8221;right&#8221; background_layout=&#8221;dark&#8221; custom_margin=&#8221;||83px|||&#8221; text_font_size_tablet=&#8221;16px&#8221; text_font_size_phone=&#8221;14px&#8221; text_font_size_last_edited=&#8221;on|desktop&#8221; text_text_shadow_style=&#8221;preset4&#8243; global_colors_info=&#8221;{}&#8221;]<\/p>\n<p><span>Pargot es un restaurante de cocina Mexicana contempor\u00e1nea en donde se expresa la gastronom\u00eda de nuestro pa\u00eds a trav\u00e9s de los ojos de nuestro\u00a0<\/span><span class=\"color_41 wixui-rich-text__text\"><span class=\"wixui-rich-text__text\">Chef Alexis Ayala<\/span><\/span><span>. Los platillos van evolucionando conforme temporada, servidos en un ambiente relajado.<\/span><\/p>\n<p>[\/et_pb_text][et_pb_button button_url=&#8221;https:\/\/soesr.com\/menu&#8221; button_text=&#8221;Nuestro Equipo&#8221; button_alignment=&#8221;right&#8221; _builder_version=&#8221;4.27.4&#8243; _module_preset=&#8221;31b4f027-aaa0-4f2f-ae02-959764e19e4f&#8221; custom_button=&#8221;on&#8221; button_text_size=&#8221;20px&#8221; button_text_color=&#8221;gcid-82d6c09a-d813-40a8-95b4-5069eeb5bf47&#8243; button_bg_color=&#8221;gcid-body-color&#8221; button_border_width=&#8221;0px&#8221; button_border_radius=&#8221;24px&#8221; button_letter_spacing=&#8221;2px&#8221; button_font=&#8221;&#8211;et_global_body_font|300|||||||&#8221; button_use_icon=&#8221;off&#8221; custom_padding=&#8221;20px|50px|20px|50px|true|true&#8221; animation_style=&#8221;fade&#8221; locked=&#8221;off&#8221; global_colors_info=&#8221;{%22gcid-82d6c09a-d813-40a8-95b4-5069eeb5bf47%22:%91%22button_text_color%22%93,%22gcid-body-color%22:%91%22button_bg_color%22%93}&#8221;][\/et_pb_button][\/et_pb_column][et_pb_column type=&#8221;2_5&#8243; _builder_version=&#8221;4.27.4&#8243; _module_preset=&#8221;default&#8221; custom_padding=&#8221;0px|0px|0px|0px|false|false&#8221; global_colors_info=&#8221;{}&#8221;][et_pb_image src=&#8221;https:\/\/soesr.com\/wp-content\/uploads\/2025\/08\/ok-IMG_6235-2-scaled.jpg&#8221; title_text=&#8221;ok IMG_6235&#8243; align=&#8221;center&#8221; _builder_version=&#8221;4.27.4&#8243; _module_preset=&#8221;default&#8221; width=&#8221;56%&#8221; custom_margin=&#8221;||||false|false&#8221; custom_padding=&#8221;||||false|false&#8221; locked=&#8221;off&#8221; global_colors_info=&#8221;{}&#8221;][\/et_pb_image][\/et_pb_column][\/et_pb_row][\/et_pb_section][et_pb_section fb_built=&#8221;1&#8243; admin_label=&#8221;Call to Action&#8221; _builder_version=&#8221;4.27.4&#8243; _module_preset=&#8221;default&#8221; background_color=&#8221;gcid-f53bea2f-11b6-47b2-a970-343c85385294&#8243; use_background_color_gradient=&#8221;on&#8221; background_color_gradient_stops=&#8221;gcid-f53bea2f-11b6-47b2-a970-343c85385294 40%|gcid-primary-color 100%&#8221; custom_padding=&#8221;2.8%||0px||false|false&#8221; collapsed=&#8221;on&#8221; global_colors_info=&#8221;{%22gcid-f53bea2f-11b6-47b2-a970-343c85385294%22:%91%22background_color%22,%22background_color_gradient_stops%22%93,%22gcid-ab6b9068-bffc-496b-a93d-1ff98284b2de%22:%91%22background_color_gradient_stops%22%93,%22gcid-primary-color%22:%91%22background_color_gradient_stops%22%93,%22gcid-heading-color%22:%91%22background_color_gradient_stops%22%93,%22gcid-body-color%22:%91%22background_color_gradient_stops%22%93}&#8221;][et_pb_row _builder_version=&#8221;4.27.4&#8243; _module_preset=&#8221;default&#8221; global_colors_info=&#8221;{}&#8221;][et_pb_column type=&#8221;4_4&#8243; _builder_version=&#8221;4.27.4&#8243; _module_preset=&#8221;default&#8221; global_colors_info=&#8221;{}&#8221;][et_pb_text _builder_version=&#8221;4.27.4&#8243; _module_preset=&#8221;default&#8221; text_font=&#8221;&#8211;et_global_heading_font|100|||||||&#8221; text_text_color=&#8221;gcid-82d6c09a-d813-40a8-95b4-5069eeb5bf47&#8243; text_font_size=&#8221;69px&#8221; global_colors_info=&#8221;{%22gcid-82d6c09a-d813-40a8-95b4-5069eeb5bf47%22:%91%22text_text_color%22%93}&#8221;]<\/p>\n<p style=\"text-align: center;\">Galeria<\/p>\n<p>[\/et_pb_text][\/et_pb_column][\/et_pb_row][\/et_pb_section][et_pb_section fb_built=&#8221;1&#8243; admin_label=&#8221;Features&#8221; _builder_version=&#8221;4.27.4&#8243; _module_preset=&#8221;default&#8221; background_color=&#8221;gcid-primary-color&#8221; custom_padding=&#8221;51px||51px||true|&#8221; collapsed=&#8221;on&#8221; global_colors_info=&#8221;{%22gcid-primary-color%22:%91%22background_color%22%93}&#8221;][et_pb_row _builder_version=&#8221;4.27.4&#8243; _module_preset=&#8221;default&#8221; custom_padding=&#8221;28px|||||&#8221; global_colors_info=&#8221;{}&#8221;][et_pb_column type=&#8221;4_4&#8243; _builder_version=&#8221;4.27.4&#8243; _module_preset=&#8221;default&#8221; global_colors_info=&#8221;{}&#8221;][et_pb_text _builder_version=&#8221;4.27.4&#8243; _module_preset=&#8221;default&#8221; text_font=&#8221;|300|||||||&#8221; text_text_color=&#8221;gcid-82d6c09a-d813-40a8-95b4-5069eeb5bf47&#8243; text_font_size=&#8221;30px&#8221; animation_style=&#8221;fold&#8221; global_colors_info=&#8221;{%22gcid-82d6c09a-d813-40a8-95b4-5069eeb5bf47%22:%91%22text_text_color%22%93}&#8221;]<\/p>\n<p style=\"text-align: center;\">MENU<\/p>\n<p>[\/et_pb_text][et_pb_gallery gallery_ids=&#8221;293,291,149,148&#8243; _builder_version=&#8221;4.27.4&#8243; _module_preset=&#8221;default&#8221; animation_style=&#8221;flip&#8221; global_colors_info=&#8221;{}&#8221;][\/et_pb_gallery][divi8_image_carousel divi8_carousel_effects_types=&#8221;coverflow&#8221; divi8_sliderperview=&#8221;1&#8243; divi8_sliderspeed=&#8221;3011&#8243; divi8_sliderspcbtn=&#8221;3&#8243; divi8_slider_autoplaydelay=&#8221;934&#8243; divi8_autoplay_pause=&#8221;off&#8221; divi8_text_show_hide=&#8221;off&#8221; divi8_nav_grab_cursor=&#8221;on&#8221; divi8_nav_bullettype=&#8221;long_active&#8221; divi8_effect_slideshadow=&#8221;on&#8221; divi8_effect_slidedepth=&#8221;173&#8243; divi8_arrow_show_hide=&#8221;off&#8221; wrapper_spacing_margin=&#8221;0px|0px|0px|0px|false|false&#8221; wrapper_spacing_padding=&#8221;0px|0px|0px|0px|false|false&#8221; divi8_title_padding=&#8221;0px|0px|0px|0px|false|false&#8221; divi8_title_margin=&#8221;0px|0px|0px|0px|false|false&#8221; _builder_version=&#8221;4.27.6&#8243; _module_preset=&#8221;default&#8221; hover_transition_speed_curve=&#8221;ease-in-out&#8221; hover_enabled=&#8221;0&#8243; border_radii_item_border=&#8221;on|25px|25px|25px|25px&#8221; global_colors_info=&#8221;{}&#8221; sticky_enabled=&#8221;0&#8243;][divi8_image_carousel_item heading=&#8221;t&#8221; description=&#8221;y&#8221; img=&#8221;https:\/\/soesr.com\/wp-content\/uploads\/2025\/08\/ok-082A4321-scaled.jpg&#8221; _builder_version=&#8221;4.27.6&#8243; _module_preset=&#8221;default&#8221; hover_enabled=&#8221;0&#8243; border_radii_item_border=&#8221;on|25px|25px|25px|25px&#8221; global_colors_info=&#8221;{}&#8221; divi8_image_content_position=&#8221;middle&#8221; sticky_enabled=&#8221;0&#8243;][\/divi8_image_carousel_item][divi8_image_carousel_item img=&#8221;https:\/\/soesr.com\/wp-content\/uploads\/2025\/08\/plato.jpg&#8221; _builder_version=&#8221;4.27.6&#8243; _module_preset=&#8221;default&#8221; hover_enabled=&#8221;0&#8243; global_colors_info=&#8221;{}&#8221; divi8_image_content_position=&#8221;outside&#8221; sticky_enabled=&#8221;0&#8243;][\/divi8_image_carousel_item][divi8_image_carousel_item img=&#8221;https:\/\/soesr.com\/wp-content\/uploads\/2025\/08\/IMG_7962-scaled-e1754933642561.jpg&#8221; _builder_version=&#8221;4.27.6&#8243; _module_preset=&#8221;default&#8221; hover_enabled=&#8221;0&#8243; global_colors_info=&#8221;{}&#8221; divi8_image_content_position=&#8221;outside&#8221; sticky_enabled=&#8221;0&#8243;][\/divi8_image_carousel_item][divi8_image_carousel_item img=&#8221;https:\/\/soesr.com\/wp-content\/uploads\/2025\/08\/Farm-to-table-28.png&#8221; _builder_version=&#8221;4.27.4&#8243; _module_preset=&#8221;default&#8221; global_colors_info=&#8221;{}&#8221;][\/divi8_image_carousel_item][divi8_image_carousel_item img=&#8221;https:\/\/soesr.com\/wp-content\/uploads\/2025\/07\/fine-dining-15.jpg&#8221; _builder_version=&#8221;4.27.6&#8243; _module_preset=&#8221;default&#8221; hover_enabled=&#8221;0&#8243; global_colors_info=&#8221;{}&#8221; divi8_image_content_position=&#8221;middle&#8221; sticky_enabled=&#8221;0&#8243;][\/divi8_image_carousel_item][\/divi8_image_carousel][et_pb_text _builder_version=&#8221;4.27.4&#8243; _module_preset=&#8221;default&#8221; text_font=&#8221;|300|||||||&#8221; text_text_color=&#8221;gcid-82d6c09a-d813-40a8-95b4-5069eeb5bf47&#8243; text_font_size=&#8221;30px&#8221; global_colors_info=&#8221;{%22gcid-82d6c09a-d813-40a8-95b4-5069eeb5bf47%22:%91%22text_text_color%22%93}&#8221;]<\/p>\n<p style=\"text-align: center;\">ESPACIO<\/p>\n<p>[\/et_pb_text][et_pb_gallery gallery_ids=&#8221;259,292,260,288&#8243; _builder_version=&#8221;4.27.4&#8243; _module_preset=&#8221;default&#8221; global_colors_info=&#8221;{}&#8221;][\/et_pb_gallery][\/et_pb_column][\/et_pb_row][\/et_pb_section][et_pb_section fb_built=&#8221;1&#8243; admin_label=&#8221;Text&#8221; _builder_version=&#8221;4.18.0&#8243; _module_preset=&#8221;default&#8221; background_color=&#8221;#000000&#8243; background_image=&#8221;https:\/\/soesr.com\/wp-content\/uploads\/2025\/07\/whiskey-38.jpg&#8221; custom_padding=&#8221;15%||15%||true|false&#8221; collapsed=&#8221;on&#8221; global_colors_info=&#8221;{}&#8221;][et_pb_row _builder_version=&#8221;4.18.0&#8243; _module_preset=&#8221;default&#8221; global_colors_info=&#8221;{}&#8221;][et_pb_column type=&#8221;4_4&#8243; _builder_version=&#8221;4.18.0&#8243; _module_preset=&#8221;default&#8221; global_colors_info=&#8221;{}&#8221;][et_pb_text _builder_version=&#8221;4.27.4&#8243; _module_preset=&#8221;f9f368e9-1ac8-4322-a2db-788e8011a5fd&#8221; text_font=&#8221;&#8211;et_global_heading_font|200|||||||&#8221; text_text_color=&#8221;gcid-82d6c09a-d813-40a8-95b4-5069eeb5bf47&#8243; text_font_size=&#8221;79px&#8221; text_line_height=&#8221;1em&#8221; header_2_font=&#8221;Cinzel|500||on|||||&#8221; header_2_text_color=&#8221;#E7E2BC&#8221; header_2_font_size=&#8221;120px&#8221; header_2_line_height=&#8221;1.15em&#8221; text_orientation=&#8221;center&#8221; background_layout=&#8221;dark&#8221; text_font_size_tablet=&#8221;56px&#8221; text_font_size_phone=&#8221;56px&#8221; text_font_size_last_edited=&#8221;on|phone&#8221; text_line_height_tablet=&#8221;1em&#8221; text_line_height_phone=&#8221;1em&#8221; text_line_height_last_edited=&#8221;on|desktop&#8221; header_2_font_size_tablet=&#8221;40px&#8221; header_2_font_size_phone=&#8221;24px&#8221; header_2_font_size_last_edited=&#8221;on|desktop&#8221; text_text_shadow_style=&#8221;preset1&#8243; text_text_shadow_vertical_length=&#8221;0em&#8221; text_text_shadow_blur_strength=&#8221;0.06em&#8221; text_text_shadow_color=&#8221;#000000&#8243; global_colors_info=&#8221;{%22gcid-82d6c09a-d813-40a8-95b4-5069eeb5bf47%22:%91%22text_text_color%22%93}&#8221;]<\/p>\n<p>Cockteleria\u00a0 y Vinos aqui<\/p>\n<p>[\/et_pb_text][\/et_pb_column][\/et_pb_row][\/et_pb_section][et_pb_section fb_built=&#8221;1&#8243; admin_label=&#8221;Call to Action&#8221; _builder_version=&#8221;4.18.0&#8243; _module_preset=&#8221;default&#8221; background_color=&#8221;gcid-f53bea2f-11b6-47b2-a970-343c85385294&#8243; collapsed=&#8221;on&#8221; global_colors_info=&#8221;{%22gcid-f53bea2f-11b6-47b2-a970-343c85385294%22:%91%22background_color%22%93}&#8221;][et_pb_row column_structure=&#8221;1_2,1_2&#8243; _builder_version=&#8221;4.18.0&#8243; _module_preset=&#8221;default&#8221; custom_padding=&#8221;61px|||||&#8221; global_colors_info=&#8221;{}&#8221;][et_pb_column type=&#8221;1_2&#8243; _builder_version=&#8221;4.18.0&#8243; _module_preset=&#8221;default&#8221; global_colors_info=&#8221;{}&#8221;][et_pb_image src=&#8221;https:\/\/soesr.com\/wp-content\/uploads\/2025\/08\/ok-082A1634-scaled.jpg&#8221; title_text=&#8221;ok 082A1634&#8243; align=&#8221;right&#8221; _builder_version=&#8221;4.27.4&#8243; _module_preset=&#8221;default&#8221; max_height=&#8221;755px&#8221; custom_margin=&#8221;-33%|||-30vw|false|false&#8221; custom_margin_tablet=&#8221;-140px|||0vw|false|false&#8221; custom_margin_phone=&#8221;||||false|false&#8221; custom_margin_last_edited=&#8221;on|tablet&#8221; global_colors_info=&#8221;{}&#8221;][\/et_pb_image][\/et_pb_column][et_pb_column type=&#8221;1_2&#8243; _builder_version=&#8221;4.18.0&#8243; _module_preset=&#8221;default&#8221; global_colors_info=&#8221;{}&#8221;][et_pb_text _builder_version=&#8221;4.27.4&#8243; _module_preset=&#8221;518880c8-46c7-4ffa-b5a6-93ffa99dcc17&#8243; text_font=&#8221;&#8211;et_global_heading_font|200|||||||&#8221; text_text_color=&#8221;#E7E2BC&#8221; text_font_size=&#8221;24px&#8221; text_line_height=&#8221;1.65em&#8221; text_orientation=&#8221;center&#8221; custom_padding=&#8221;54px||54px||true|&#8221; text_font_size_tablet=&#8221;16px&#8221; text_font_size_phone=&#8221;14px&#8221; text_font_size_last_edited=&#8221;on|desktop&#8221; global_colors_info=&#8221;{}&#8221;]<\/p>\n<p>Nuestro espacio ha sido galardonado por Guia Michellin con el reconocimiento Bib Gourmand.<\/p>\n<p>[\/et_pb_text][et_pb_button button_url=&#8221;https:\/\/guide.michelin.com\/mx\/es\/ciudad-de-mexico\/cuauhtemoc_1995126\/restaurante\/pargot&#8221; button_text=&#8221;Guia Michelin&#8221; button_alignment=&#8221;center&#8221; _builder_version=&#8221;4.27.4&#8243; _module_preset=&#8221;31b4f027-aaa0-4f2f-ae02-959764e19e4f&#8221; custom_button=&#8221;on&#8221; button_text_size=&#8221;18px&#8221; button_text_color=&#8221;#ffffff&#8221; button_bg_color=&#8221;gcid-primary-color&#8221; button_border_width=&#8221;0px&#8221; button_border_radius=&#8221;25px&#8221; button_letter_spacing=&#8221;4px&#8221; button_font=&#8221;&#8211;et_global_heading_font|300|||||||&#8221; background_layout=&#8221;dark&#8221; custom_padding=&#8221;12px|30px|12px|30px|true|true&#8221; global_colors_info=&#8221;{%22gcid-primary-color%22:%91%22button_bg_color%22%93}&#8221;][\/et_pb_button][\/et_pb_column][\/et_pb_row][\/et_pb_section]<\/p>\n","protected":false},"excerpt":{"rendered":"<p>Reserva tu espacio de men\u00fa a la cartaReservar Experiencia degustaci\u00f3n 9 tiemposVive la experiencia por AirB&#038;BCONCEPTOPargot es un restaurante de cocina Mexicana contempor\u00e1nea en donde se expresa la gastronom\u00eda de nuestro pa\u00eds a trav\u00e9s de los ojos de nuestro\u00a0Chef Alexis Ayala. Los platillos van evolucionando conforme temporada, servidos en un ambiente relajado.GaleriaMENU<div class=\"et_pb_module divi8_image_carousel divi8_image_carousel_0\">\n\t\t\t\t\n\t\t\t\t\n\t\t\t\t\n\t\t\t\t\n\t\t\t\t\n\t\t\t\t\n\t\t\t\t<div class=\"et_pb_module_inner\">\n\t\t\t\t\t<div> <div class=\"own\">\n\t\t\t<div class=\"swiper-container imageswiper\" data-slideperview=\"&#8221;1&#8243;|1|1\"\n\t\t\t data-direction=\"horizontal\" \n\t\t\t data-loop=\"on\" \n\t\t\t data-spacebetween=\"15\" \n\t\t\t data-effects=\"&#8221;coverflow&#8221;\" \n\t\t\t data-coverflow-rotation=\"0\" \n\t\t\t data-coverflowstretch=\"0\"  \n\t\t\t data-coverflowdepth=\"300\" \n\t\t\t data-coverflowshadow=\"off\" \n\t\t\t data-coverflowmodifier=\"1\" \n\t\t\t data-grabcursor=\"off\" \n\t\t\t data-centerslides=\"1\"  \n\t\t\t data-zoom=\"1\" \n\t\t\t data-speed=\"&#8221;3011&#8243;\" \n\t\t\t data-autoplay=\"1\" \n\t\t\t data-autoplay-delay=\"3000\" \n\t\t\t data-observer=\"1\" \n\t\t\t data-pagi-dynamicbullets=\"on\" \n\t\t\t data-pagi-type=\"bullets\" \n\t\t\t data-mousewheel=\"on\"\n\t\t\t data-keyboard=\"on\"\n\t\t\t data-autoplay_pause=\"1\"\n\t\t\t data-effects-type=\"&#8221;coverflow&#8221;\"\n\t\t\t ><div class=\"swiper-wrapper\"><\/div>\n\t\t\t<\/div>\n\t\t\t<div class=\"swiper-navi-container\">\n\t\t\t\t<div class=\"swiper-button-prev\"><i class='et-pb-icon divi8-icon-left'>&#x34;<\/i><\/div>\n\t\t\t\t<div class=\"swiper-button-next\"><i class='et-pb-icon divi8-icon-right'>&#x35;<\/i><\/div>\n\t\t\t<\/div>\n\t\t\t<div class=\"swiper-pagination\"><\/div>\n\t\t\t<div class=\"swiper-progress-bar\"><\/div>\n\t\t<\/div> <\/div> \n\t\t\t\t<\/div>\n\t\t\t<\/div><\/p>\n","protected":false},"author":1,"featured_media":0,"parent":0,"menu_order":0,"comment_status":"closed","ping_status":"closed","template":"","meta":{"_et_pb_use_builder":"on","_et_pb_old_content":"","_et_gb_content_width":"","footnotes":""},"class_list":["post-137","page","type-page","status-publish","hentry"],"_links":{"self":[{"href":"https:\/\/soesr.com\/en\/wp-json\/wp\/v2\/pages\/137","targetHints":{"allow":["GET"]}}],"collection":[{"href":"https:\/\/soesr.com\/en\/wp-json\/wp\/v2\/pages"}],"about":[{"href":"https:\/\/soesr.com\/en\/wp-json\/wp\/v2\/types\/page"}],"author":[{"embeddable":true,"href":"https:\/\/soesr.com\/en\/wp-json\/wp\/v2\/users\/1"}],"replies":[{"embeddable":true,"href":"https:\/\/soesr.com\/en\/wp-json\/wp\/v2\/comments?post=137"}],"version-history":[{"count":30,"href":"https:\/\/soesr.com\/en\/wp-json\/wp\/v2\/pages\/137\/revisions"}],"predecessor-version":[{"id":384,"href":"https:\/\/soesr.com\/en\/wp-json\/wp\/v2\/pages\/137\/revisions\/384"}],"wp:attachment":[{"href":"https:\/\/soesr.com\/en\/wp-json\/wp\/v2\/media?parent=137"}],"curies":[{"name":"wp","href":"https:\/\/api.w.org\/{rel}","templated":true}]}}